{"id":42389,"date":"2016-11-02T17:50:39","date_gmt":"2016-11-02T15:50:39","guid":{"rendered":"https:\/\/www.atelier-du-temps.com\/?page_id=42389"},"modified":"2017-08-07T12:19:37","modified_gmt":"2017-08-07T10:19:37","slug":"sorties-2015-2","status":"publish","type":"page","link":"https:\/\/www.atelier-du-temps.com\/accueil-new\/activites\/les-sorties\/sorties-2015-2\/","title":{"rendered":"Sorties 2015"},"content":{"rendered":"<div class=\"wpb-content-wrapper\">[vc_row][vc_column]<nav class=\"vcex-module vcex-navbar clr\"><div class=\"vcex-navbar-inner clr\"><\/div><\/nav>[\/vc_column][\/vc_row][vc_row][vc_column]<div class=\"vcex-module vcex-portfolio-grid-wrap wpex-clr\"><div class=\"wpex-row vcex-portfolio-grid wpex-clr entries match-height-grid\" data-transition-duration=\"0.0\"><div class=\"portfolio-entry entry-has-details span_1_of_3 col col-1 post-53971 entry type-portfolio has-media cat-1315 cat-972\"><div class=\"portfolio-entry-inner entry-inner wpex-clr\"><div class=\"portfolio-entry-media entry-media wpex-clr\"><a href=\"https:\/\/www.atelier-du-temps.com\/accueil-new\/portfolio-item\/sortie-annuelle-2015\/\" title=\"Sortie annuelle\" class=\"portfolio-entry-media-link\"><img loading=\"lazy\" decoding=\"async\" class=\"portfolio-entry-img\" src=\"https:\/\/www.atelier-du-temps.com\/wp-content\/uploads\/Sortie-automnale-2015_22-400x300.jpg\" data-no-retina width=\"400\" height=\"300\" \/><\/a><\/div><div class=\"portfolio-entry-details entry-details wpex-clr\"><div class=\"match-height-content\"><h2 class=\"portfolio-entry-title entry-title\"><a href=\"https:\/\/www.atelier-du-temps.com\/accueil-new\/portfolio-item\/sortie-annuelle-2015\/\" title=\"Sortie annuelle\">Sortie annuelle<\/a><\/h2><\/div><\/div><\/div><\/div><div class=\"portfolio-entry entry-has-details span_1_of_3 col col-2 post-53993 entry type-portfolio has-media cat-1315 cat-972\"><div class=\"portfolio-entry-inner entry-inner wpex-clr\"><div class=\"portfolio-entry-media entry-media wpex-clr\"><a href=\"https:\/\/www.atelier-du-temps.com\/accueil-new\/portfolio-item\/balade-motos-2\/\" title=\"Balade motos\" class=\"portfolio-entry-media-link\"><img loading=\"lazy\" decoding=\"async\" class=\"portfolio-entry-img\" src=\"https:\/\/www.atelier-du-temps.com\/wp-content\/uploads\/AT-2015-05-31-Sortie-moto-TPL_10-400x300.jpg\" data-no-retina width=\"400\" height=\"300\" \/><\/a><\/div><div class=\"portfolio-entry-details entry-details wpex-clr\"><div class=\"match-height-content\"><h2 class=\"portfolio-entry-title entry-title\"><a href=\"https:\/\/www.atelier-du-temps.com\/accueil-new\/portfolio-item\/balade-motos-2\/\" title=\"Balade motos\">Balade motos<\/a><\/h2><\/div><\/div><\/div><\/div><div class=\"portfolio-entry entry-has-details span_1_of_3 col col-3 post-53991 entry type-portfolio no-media cat-1315 cat-972\"><div class=\"portfolio-entry-inner entry-inner wpex-clr\"><div class=\"portfolio-entry-details entry-details wpex-clr\"><div class=\"match-height-content\"><h2 class=\"portfolio-entry-title entry-title\"><a href=\"https:\/\/www.atelier-du-temps.com\/accueil-new\/portfolio-item\/les-lucines-2015\/\" title=\"Les Lucines 2015\">Les Lucines 2015<\/a><\/h2><\/div><\/div><\/div><\/div><div class=\"portfolio-entry entry-has-details span_1_of_3 col col-1 post-53988 entry type-portfolio no-media cat-1315 cat-972\"><div class=\"portfolio-entry-inner entry-inner wpex-clr\"><div class=\"portfolio-entry-details entry-details wpex-clr\"><div class=\"match-height-content\"><h2 class=\"portfolio-entry-title entry-title\"><a href=\"https:\/\/www.atelier-du-temps.com\/accueil-new\/portfolio-item\/week-end-a-bressuire-2015\/\" title=\"Week-end \u00e0 Bressuire\">Week-end \u00e0 Bressuire<\/a><\/h2><\/div><\/div><\/div><\/div><div class=\"portfolio-entry entry-has-details span_1_of_3 col col-2 post-53986 entry type-portfolio has-media cat-1315 cat-972\"><div class=\"portfolio-entry-inner entry-inner wpex-clr\"><div class=\"portfolio-entry-media entry-media wpex-clr\"><a href=\"https:\/\/www.atelier-du-temps.com\/accueil-new\/portfolio-item\/mortagne-1965-gout-de-bouchon\/\" title=\"Mortagne 1965 &#8211; Comme un go\u00fbt de bouchon\" class=\"portfolio-entry-media-link\"><img loading=\"lazy\" decoding=\"async\" class=\"portfolio-entry-img\" src=\"https:\/\/www.atelier-du-temps.com\/wp-content\/uploads\/2015-07-12-Embouteillage-Mortagne.jpg\" data-no-retina width=\"189\" height=\"267\" \/><\/a><\/div><div class=\"portfolio-entry-details entry-details wpex-clr\"><div class=\"match-height-content\"><h2 class=\"portfolio-entry-title entry-title\"><a href=\"https:\/\/www.atelier-du-temps.com\/accueil-new\/portfolio-item\/mortagne-1965-gout-de-bouchon\/\" title=\"Mortagne 1965 &#8211; Comme un go\u00fbt de bouchon\">Mortagne 1965 &#8211; Comme un go\u00fbt de bouchon<\/a><\/h2><\/div><\/div><\/div><\/div><div class=\"portfolio-entry entry-has-details span_1_of_3 col col-3 post-53980 entry type-portfolio has-media cat-1315 cat-972\"><div class=\"portfolio-entry-inner entry-inner wpex-clr\"><div class=\"portfolio-entry-media entry-media wpex-clr\"><a href=\"https:\/\/www.atelier-du-temps.com\/accueil-new\/portfolio-item\/cochon-grille-2015\/\" title=\"Le cochon grill\u00e9\" class=\"portfolio-entry-media-link\"><img loading=\"lazy\" decoding=\"async\" class=\"portfolio-entry-img\" src=\"https:\/\/www.atelier-du-temps.com\/wp-content\/uploads\/2015-08-30_Cochon44-400x300.jpg\" data-no-retina width=\"400\" height=\"300\" \/><\/a><\/div><div class=\"portfolio-entry-details entry-details wpex-clr\"><div class=\"match-height-content\"><h2 class=\"portfolio-entry-title entry-title\"><a href=\"https:\/\/www.atelier-du-temps.com\/accueil-new\/portfolio-item\/cochon-grille-2015\/\" title=\"Le cochon grill\u00e9\">Le cochon grill\u00e9<\/a><\/h2><\/div><\/div><\/div><\/div><div class=\"portfolio-entry entry-has-details span_1_of_3 col col-1 post-53976 entry type-portfolio no-media cat-1315 cat-972\"><div class=\"portfolio-entry-inner entry-inner wpex-clr\"><div class=\"portfolio-entry-details entry-details wpex-clr\"><div class=\"match-height-content\"><h2 class=\"portfolio-entry-title entry-title\"><a href=\"https:\/\/www.atelier-du-temps.com\/accueil-new\/portfolio-item\/week-end-a-saumur-2015\/\" title=\"Week-end \u00e0 Saumur\">Week-end \u00e0 Saumur<\/a><\/h2><\/div><\/div><\/div><\/div><div class=\"portfolio-entry entry-has-details span_1_of_3 col col-2 post-53974 entry type-portfolio no-media cat-1315 cat-972\"><div class=\"portfolio-entry-inner entry-inner wpex-clr\"><div class=\"portfolio-entry-details entry-details wpex-clr\"><div class=\"match-height-content\"><h2 class=\"portfolio-entry-title entry-title\"><a href=\"https:\/\/www.atelier-du-temps.com\/accueil-new\/portfolio-item\/frossay\/\" title=\"Frossay\">Frossay<\/a><\/h2><\/div><\/div><\/div><\/div><div class=\"portfolio-entry entry-has-details span_1_of_3 col col-3 post-53995 entry type-portfolio has-media cat-1315 cat-972\"><div class=\"portfolio-entry-inner entry-inner wpex-clr\"><div class=\"portfolio-entry-media entry-media wpex-clr\"><a href=\"https:\/\/www.atelier-du-temps.com\/accueil-new\/portfolio-item\/rassemblement-dutilitaires-2015\/\" title=\"Rassemblement d&rsquo;utilitaires\" class=\"portfolio-entry-media-link\"><img loading=\"lazy\" decoding=\"async\" class=\"portfolio-entry-img\" src=\"https:\/\/www.atelier-du-temps.com\/wp-content\/uploads\/Utilitaires_07-400x300.jpg\" data-no-retina width=\"400\" height=\"300\" \/><\/a><\/div><div class=\"portfolio-entry-details entry-details wpex-clr\"><div class=\"match-height-content\"><h2 class=\"portfolio-entry-title entry-title\"><a href=\"https:\/\/www.atelier-du-temps.com\/accueil-new\/portfolio-item\/rassemblement-dutilitaires-2015\/\" title=\"Rassemblement d&rsquo;utilitaires\">Rassemblement d&rsquo;utilitaires<\/a><\/h2><\/div><\/div><\/div><\/div><div class=\"portfolio-entry entry-has-details span_1_of_3 col col-1 post-53969 entry type-portfolio has-media cat-1315 cat-972\"><div class=\"portfolio-entry-inner entry-inner wpex-clr\"><div class=\"portfolio-entry-media entry-media wpex-clr\"><a href=\"https:\/\/www.atelier-du-temps.com\/accueil-new\/portfolio-item\/sortie-a-lesat-biocat-de-getigne\/\" title=\"Sortie \u00e0 l&rsquo;ESAT-Biocat de G\u00e9tign\u00e9\" class=\"portfolio-entry-media-link\"><img loading=\"lazy\" decoding=\"async\" class=\"portfolio-entry-img\" src=\"https:\/\/www.atelier-du-temps.com\/wp-content\/uploads\/2015-12-23-ESCAT-Biocat_04-400x300.jpg\" data-no-retina width=\"400\" height=\"300\" \/><\/a><\/div><div class=\"portfolio-entry-details entry-details wpex-clr\"><div class=\"match-height-content\"><h2 class=\"portfolio-entry-title entry-title\"><a href=\"https:\/\/www.atelier-du-temps.com\/accueil-new\/portfolio-item\/sortie-a-lesat-biocat-de-getigne\/\" title=\"Sortie \u00e0 l&rsquo;ESAT-Biocat de G\u00e9tign\u00e9\">Sortie \u00e0 l&rsquo;ESAT-Biocat de G\u00e9tign\u00e9<\/a><\/h2><\/div><\/div><\/div><\/div><\/div><\/div>[\/vc_column][\/vc_row]\n<\/div>","protected":false},"excerpt":{"rendered":"<p>[vc_row][vc_column][\/vc_column][\/vc_row][vc_row][vc_column][\/vc_column][\/vc_row]<\/p>\n","protected":false},"author":1,"featured_media":0,"parent":42402,"menu_order":0,"comment_status":"closed","ping_status":"closed","template":"","meta":{"_crdt_document":"","_exactmetrics_skip_tracking":false,"_exactmetrics_sitenote_active":false,"_exactmetrics_sitenote_note":"","_exactmetrics_sitenote_category":0,"_price":"","_stock":"","_tribe_ticket_header":"","_tribe_default_ticket_provider":"","_tribe_ticket_capacity":"0","_ticket_start_date":"","_ticket_end_date":"","_tribe_ticket_show_description":"","_tribe_ticket_show_not_going":false,"_tribe_ticket_use_global_stock":"","_tribe_ticket_global_stock_level":"","_global_stock_mode":"","_global_stock_cap":"","_tribe_rsvp_for_event":"","_tribe_ticket_going_count":"","_tribe_ticket_not_going_count":"","_tribe_tickets_list":"[]","_tribe_ticket_has_attendee_info_fields":false,"footnotes":"","_tec_slr_enabled":"","_tec_slr_layout":""},"class_list":["post-42389","page","type-page","status-publish","hentry","entry","no-media"],"yoast_head":"<!-- This site is optimized with the Yoast SEO plugin v27.4 - https:\/\/yoast.com\/product\/yoast-seo-wordpress\/ -->\n<title>Sorties 2015 - ATELIER DU TEMPS<\/title>\n<meta name=\"robots\" content=\"index, follow, max-snippet:-1, max-image-preview:large, max-video-preview:-1\" \/>\n<link rel=\"canonical\" href=\"https:\/\/www.atelier-du-temps.com\/accueil-new\/activites\/les-sorties\/sorties-2015-2\/\" \/>\n<meta property=\"og:locale\" content=\"fr_FR\" \/>\n<meta property=\"og:type\" content=\"article\" \/>\n<meta property=\"og:title\" content=\"Sorties 2015 - ATELIER DU TEMPS\" \/>\n<meta property=\"og:description\" content=\"[vc_row][vc_column][\/vc_column][\/vc_row][vc_row][vc_column][\/vc_column][\/vc_row]\" \/>\n<meta property=\"og:url\" content=\"https:\/\/www.atelier-du-temps.com\/accueil-new\/activites\/les-sorties\/sorties-2015-2\/\" \/>\n<meta property=\"og:site_name\" content=\"ATELIER DU TEMPS\" \/>\n<meta property=\"article:modified_time\" content=\"2017-08-07T10:19:37+00:00\" \/>\n<meta name=\"twitter:card\" content=\"summary_large_image\" \/>\n<script type=\"application\/ld+json\" class=\"yoast-schema-graph\">{\"@context\":\"https:\\\/\\\/schema.org\",\"@graph\":[{\"@type\":\"WebPage\",\"@id\":\"https:\\\/\\\/www.atelier-du-temps.com\\\/accueil-new\\\/activites\\\/les-sorties\\\/sorties-2015-2\\\/\",\"url\":\"https:\\\/\\\/www.atelier-du-temps.com\\\/accueil-new\\\/activites\\\/les-sorties\\\/sorties-2015-2\\\/\",\"name\":\"Sorties 2015 - ATELIER DU TEMPS\",\"isPartOf\":{\"@id\":\"https:\\\/\\\/www.atelier-du-temps.com\\\/accueil-new\\\/#website\"},\"datePublished\":\"2016-11-02T15:50:39+00:00\",\"dateModified\":\"2017-08-07T10:19:37+00:00\",\"breadcrumb\":{\"@id\":\"https:\\\/\\\/www.atelier-du-temps.com\\\/accueil-new\\\/activites\\\/les-sorties\\\/sorties-2015-2\\\/#breadcrumb\"},\"inLanguage\":\"fr-FR\",\"potentialAction\":[{\"@type\":\"ReadAction\",\"target\":[\"https:\\\/\\\/www.atelier-du-temps.com\\\/accueil-new\\\/activites\\\/les-sorties\\\/sorties-2015-2\\\/\"]}]},{\"@type\":\"BreadcrumbList\",\"@id\":\"https:\\\/\\\/www.atelier-du-temps.com\\\/accueil-new\\\/activites\\\/les-sorties\\\/sorties-2015-2\\\/#breadcrumb\",\"itemListElement\":[{\"@type\":\"ListItem\",\"position\":1,\"name\":\"Accueil\",\"item\":\"https:\\\/\\\/www.atelier-du-temps.com\\\/accueil-new\\\/\"},{\"@type\":\"ListItem\",\"position\":2,\"name\":\"ACTIVITES\",\"item\":\"https:\\\/\\\/www.atelier-du-temps.com\\\/accueil-new\\\/activites\\\/\"},{\"@type\":\"ListItem\",\"position\":3,\"name\":\"Les sorties\",\"item\":\"https:\\\/\\\/www.atelier-du-temps.com\\\/accueil-new\\\/activites\\\/les-sorties\\\/\"},{\"@type\":\"ListItem\",\"position\":4,\"name\":\"Sorties 2015\"}]},{\"@type\":\"WebSite\",\"@id\":\"https:\\\/\\\/www.atelier-du-temps.com\\\/accueil-new\\\/#website\",\"url\":\"https:\\\/\\\/www.atelier-du-temps.com\\\/accueil-new\\\/\",\"name\":\"ATELIER DU TEMPS\",\"description\":\"Le mus\u00e9e vivant de l&#039;automobile\",\"publisher\":{\"@id\":\"https:\\\/\\\/www.atelier-du-temps.com\\\/accueil-new\\\/#organization\"},\"potentialAction\":[{\"@type\":\"SearchAction\",\"target\":{\"@type\":\"EntryPoint\",\"urlTemplate\":\"https:\\\/\\\/www.atelier-du-temps.com\\\/accueil-new\\\/?s={search_term_string}\"},\"query-input\":{\"@type\":\"PropertyValueSpecification\",\"valueRequired\":true,\"valueName\":\"search_term_string\"}}],\"inLanguage\":\"fr-FR\"},{\"@type\":\"Organization\",\"@id\":\"https:\\\/\\\/www.atelier-du-temps.com\\\/accueil-new\\\/#organization\",\"name\":\"ATELIER DU TEMPS\",\"url\":\"https:\\\/\\\/www.atelier-du-temps.com\\\/accueil-new\\\/\",\"logo\":{\"@type\":\"ImageObject\",\"inLanguage\":\"fr-FR\",\"@id\":\"https:\\\/\\\/www.atelier-du-temps.com\\\/accueil-new\\\/#\\\/schema\\\/logo\\\/image\\\/\",\"url\":\"https:\\\/\\\/www.atelier-du-temps.com\\\/wp-content\\\/uploads\\\/AT-logo-site-scaled.jpg\",\"contentUrl\":\"https:\\\/\\\/www.atelier-du-temps.com\\\/wp-content\\\/uploads\\\/AT-logo-site-scaled.jpg\",\"width\":2560,\"height\":1150,\"caption\":\"ATELIER DU TEMPS\"},\"image\":{\"@id\":\"https:\\\/\\\/www.atelier-du-temps.com\\\/accueil-new\\\/#\\\/schema\\\/logo\\\/image\\\/\"}}]}<\/script>\n<!-- \/ Yoast SEO plugin. -->","yoast_head_json":{"title":"Sorties 2015 - ATELIER DU TEMPS","robots":{"index":"index","follow":"follow","max-snippet":"max-snippet:-1","max-image-preview":"max-image-preview:large","max-video-preview":"max-video-preview:-1"},"canonical":"https:\/\/www.atelier-du-temps.com\/accueil-new\/activites\/les-sorties\/sorties-2015-2\/","og_locale":"fr_FR","og_type":"article","og_title":"Sorties 2015 - ATELIER DU TEMPS","og_description":"[vc_row][vc_column][\/vc_column][\/vc_row][vc_row][vc_column][\/vc_column][\/vc_row]","og_url":"https:\/\/www.atelier-du-temps.com\/accueil-new\/activites\/les-sorties\/sorties-2015-2\/","og_site_name":"ATELIER DU TEMPS","article_modified_time":"2017-08-07T10:19:37+00:00","twitter_card":"summary_large_image","schema":{"@context":"https:\/\/schema.org","@graph":[{"@type":"WebPage","@id":"https:\/\/www.atelier-du-temps.com\/accueil-new\/activites\/les-sorties\/sorties-2015-2\/","url":"https:\/\/www.atelier-du-temps.com\/accueil-new\/activites\/les-sorties\/sorties-2015-2\/","name":"Sorties 2015 - ATELIER DU TEMPS","isPartOf":{"@id":"https:\/\/www.atelier-du-temps.com\/accueil-new\/#website"},"datePublished":"2016-11-02T15:50:39+00:00","dateModified":"2017-08-07T10:19:37+00:00","breadcrumb":{"@id":"https:\/\/www.atelier-du-temps.com\/accueil-new\/activites\/les-sorties\/sorties-2015-2\/#breadcrumb"},"inLanguage":"fr-FR","potentialAction":[{"@type":"ReadAction","target":["https:\/\/www.atelier-du-temps.com\/accueil-new\/activites\/les-sorties\/sorties-2015-2\/"]}]},{"@type":"BreadcrumbList","@id":"https:\/\/www.atelier-du-temps.com\/accueil-new\/activites\/les-sorties\/sorties-2015-2\/#breadcrumb","itemListElement":[{"@type":"ListItem","position":1,"name":"Accueil","item":"https:\/\/www.atelier-du-temps.com\/accueil-new\/"},{"@type":"ListItem","position":2,"name":"ACTIVITES","item":"https:\/\/www.atelier-du-temps.com\/accueil-new\/activites\/"},{"@type":"ListItem","position":3,"name":"Les sorties","item":"https:\/\/www.atelier-du-temps.com\/accueil-new\/activites\/les-sorties\/"},{"@type":"ListItem","position":4,"name":"Sorties 2015"}]},{"@type":"WebSite","@id":"https:\/\/www.atelier-du-temps.com\/accueil-new\/#website","url":"https:\/\/www.atelier-du-temps.com\/accueil-new\/","name":"ATELIER DU TEMPS","description":"Le mus\u00e9e vivant de l&#039;automobile","publisher":{"@id":"https:\/\/www.atelier-du-temps.com\/accueil-new\/#organization"},"potentialAction":[{"@type":"SearchAction","target":{"@type":"EntryPoint","urlTemplate":"https:\/\/www.atelier-du-temps.com\/accueil-new\/?s={search_term_string}"},"query-input":{"@type":"PropertyValueSpecification","valueRequired":true,"valueName":"search_term_string"}}],"inLanguage":"fr-FR"},{"@type":"Organization","@id":"https:\/\/www.atelier-du-temps.com\/accueil-new\/#organization","name":"ATELIER DU TEMPS","url":"https:\/\/www.atelier-du-temps.com\/accueil-new\/","logo":{"@type":"ImageObject","inLanguage":"fr-FR","@id":"https:\/\/www.atelier-du-temps.com\/accueil-new\/#\/schema\/logo\/image\/","url":"https:\/\/www.atelier-du-temps.com\/wp-content\/uploads\/AT-logo-site-scaled.jpg","contentUrl":"https:\/\/www.atelier-du-temps.com\/wp-content\/uploads\/AT-logo-site-scaled.jpg","width":2560,"height":1150,"caption":"ATELIER DU TEMPS"},"image":{"@id":"https:\/\/www.atelier-du-temps.com\/accueil-new\/#\/schema\/logo\/image\/"}}]}},"ticketed":false,"_links":{"self":[{"href":"https:\/\/www.atelier-du-temps.com\/accueil-new\/wp-json\/wp\/v2\/pages\/42389","targetHints":{"allow":["GET"]}}],"collection":[{"href":"https:\/\/www.atelier-du-temps.com\/accueil-new\/wp-json\/wp\/v2\/pages"}],"about":[{"href":"https:\/\/www.atelier-du-temps.com\/accueil-new\/wp-json\/wp\/v2\/types\/page"}],"author":[{"embeddable":true,"href":"https:\/\/www.atelier-du-temps.com\/accueil-new\/wp-json\/wp\/v2\/users\/1"}],"replies":[{"embeddable":true,"href":"https:\/\/www.atelier-du-temps.com\/accueil-new\/wp-json\/wp\/v2\/comments?post=42389"}],"version-history":[{"count":4,"href":"https:\/\/www.atelier-du-temps.com\/accueil-new\/wp-json\/wp\/v2\/pages\/42389\/revisions"}],"predecessor-version":[{"id":54045,"href":"https:\/\/www.atelier-du-temps.com\/accueil-new\/wp-json\/wp\/v2\/pages\/42389\/revisions\/54045"}],"up":[{"embeddable":true,"href":"https:\/\/www.atelier-du-temps.com\/accueil-new\/wp-json\/wp\/v2\/pages\/42402"}],"wp:attachment":[{"href":"https:\/\/www.atelier-du-temps.com\/accueil-new\/wp-json\/wp\/v2\/media?parent=42389"}],"curies":[{"name":"wp","href":"https:\/\/api.w.org\/{rel}","templated":true}]}}