{"id":5527,"date":"2016-08-03T00:00:00","date_gmt":"2016-08-02T22:00:00","guid":{"rendered":"https:\/\/www.atelier-du-temps.com\/\/awpcp\/"},"modified":"2020-06-05T12:54:29","modified_gmt":"2020-06-05T10:54:29","slug":"petites-annonces-2","status":"publish","type":"page","link":"https:\/\/www.atelier-du-temps.com\/accueil-new\/petites-annonces-2\/","title":{"rendered":"Les annonces"},"content":{"rendered":"<div class=\"wpb-content-wrapper\">[vc_row][vc_column][vc_column_text]Vous pouvez ins\u00e9rer et\/ou visualiser des annonces gratuites et sans commission.<\/p>\n<ul>\n<li>Ces annonces ne doivent concerner uniquement des sujets li\u00e9s aux v\u00e9hicules de collection.<\/li>\n<li>Seuls les particuliers sont autoris\u00e9s \u00e0 publier des annonces sur ce site.<\/li>\n<li>Toutes les annonces sont renouvelables, leur parution est de 60 jours hormis les locations qui paraissent pendant un an.<\/li>\n<li>Toute parution, modification ou renouvellement est soumis au mod\u00e9rateur.<\/li>\n<\/ul>\n[\/vc_column_text][\/vc_column][\/vc_row][vc_row][vc_column][vc_column_text]<div id=\"classiwrapper\">\n    \n        <div class=\"uiwelcome\"><\/div>\n    \n        \n<div class=\"awpcp-classifieds-search-bar\" data-breakpoints='{\"tiny\": [0,450]}' data-breakpoints-class-prefix=\"awpcp-classifieds-search-bar\">\n    <form action=\"https:\/\/www.atelier-du-temps.com\/accueil-new\/petites-annonces-2\/rechercher-une-annonce\/\" method=\"get\">\n                <input type=\"hidden\" name=\"awpcp-step\" value=\"dosearch\" \/>\n        <div class=\"awpcp-classifieds-search-bar--query-field\">\n            <label class=\"screen-reader-text\" for=\"awpcp-search-query-field\">Rechercher:<\/label>\n            <input id=\"awpcp-search-query-field\" type=\"text\" name=\"keywordphrase\" \/>\n        <\/div>\n        <div class=\"awpcp-classifieds-search-bar--submit-button\">\n            <input class=\"button\" type=\"submit\" value=\"Recherche\" \/>\n        <\/div>\n        <div class=\"awpcp-classifieds-search-bar--advanced-search-link\"><a href=\"https:\/\/www.atelier-du-temps.com\/accueil-new\/petites-annonces-2\/rechercher-une-annonce\/\">Recherche avanc\u00e9e <\/a><\/div>\n    <\/form>\n<\/div>\n<ul class=\"awpcp-classifieds-menu awpcp-clearfix\" data-breakpoints='{\"tiny\": [0,400], \"small\": [400,500]}' data-breakpoints-class-prefix=\"awpcp-classifieds-menu\">\n    <li class=\"awpcp-classifieds-menu--menu-item awpcp-classifieds-menu--post-listing-menu-item\">\n        <a class=\"awpcp-classifieds-menu--menu-item-link button\" href=\"https:\/\/www.atelier-du-temps.com\/accueil-new\/petites-annonces-2\/ajouter-une-annonce\">Ajouter une annonce<\/a>\n    <\/li>\n    <li class=\"awpcp-classifieds-menu--menu-item awpcp-classifieds-menu--edit-listing-menu-item\">\n        <a class=\"awpcp-classifieds-menu--menu-item-link button\" href=\"https:\/\/www.atelier-du-temps.com\/accueil-new\/petites-annonces-2\/editer\">Editer<\/a>\n    <\/li>\n    <li class=\"awpcp-classifieds-menu--menu-item awpcp-classifieds-menu--browse-listings-menu-item\">\n        <a class=\"awpcp-classifieds-menu--menu-item-link button\" href=\"https:\/\/www.atelier-du-temps.com\/accueil-new\/petites-annonces-2\/liste-des-annonces\">Liste des annonces<\/a>\n    <\/li>\n    <li class=\"awpcp-classifieds-menu--menu-item awpcp-classifieds-menu--search-listings-menu-item\">\n        <a class=\"awpcp-classifieds-menu--menu-item-link button\" href=\"https:\/\/www.atelier-du-temps.com\/accueil-new\/petites-annonces-2\/rechercher-une-annonce\">Rechercher une annonce<\/a>\n    <\/li>\n<\/ul>\n    \n    <form class=\"awpcp-category-switcher\" method=\"post\" action=\"https:\/\/www.atelier-du-temps.com\/accueil-new\/petites-annonces-2\/liste-des-annonces\">\n        <input type=\"hidden\" name=\"offset\" value=\"0\" \/>\n    \n    <div class=\"awpcp-category-dropdown-container\">\n        <label class=\"awpcp-category-dropdown-label\" for=\"awpcp-category-dropdown-69d5875aca008\">Cat\u00e9gorie\u00a0:<\/label>\n\n\n<select id=\"awpcp-category-dropdown-69d5875aca008\" class=\"awpcp-category-dropdown awpcp-dropdown \" name=\"awpcp_category_id\" data-hash=\"69d5875aca008\" placeholder=\"Toutes les rubriques\" data-auto=\"auto\" style=\"width: 100%\">\n        <option class=\"awpcp-dropdown-placeholder\">Toutes les rubriques<\/option>\n    <option class=\"dropdownparentcategory\" value=\"1971\">Vente v\u00e9hicule collection<\/option><option class=\"dropdownparentcategory\" value=\"1972\">Achat v\u00e9hicule collection<\/option><option class=\"dropdownparentcategory\" value=\"1973\">Location v\u00e9hicule collection<\/option><option class=\"dropdownparentcategory\" value=\"1975\">Pi\u00e8ces auto, moto, et autre<\/option><option class=\"dropdownparentcategory\" value=\"1974\">Mat\u00e9riel atelier<\/option><option class=\"dropdownparentcategory\" value=\"1976\">Divers<\/option><\/select>\n\n\n<script type=\"text\/javascript\">var categories_69d5875aca008 = {\"mode\":\"basic\",\"select2\":{\"containerCssClass\":\"awpcp-category-dropdown-selection\",\"dropdownCssClass\":\"awpcp-category-dropdown-options\",\"allowClear\":true,\"placeholder\":\"Toutes les rubriques\",\"maximumSelectionLength\":100},\"selectedCategoriesIds\":[],\"categoriesHierarchy\":{\"root\":[{\"term_id\":1971,\"name\":\"Vente v\\u00e9hicule collection\",\"slug\":\"vente-vehicule-collection\",\"term_group\":0,\"term_taxonomy_id\":1971,\"taxonomy\":\"awpcp_listing_category\",\"description\":\"\",\"parent\":0,\"count\":0,\"filter\":\"raw\"},{\"term_id\":1972,\"name\":\"Achat v\\u00e9hicule collection\",\"slug\":\"achat-vehicule-collection\",\"term_group\":0,\"term_taxonomy_id\":1972,\"taxonomy\":\"awpcp_listing_category\",\"description\":\"\",\"parent\":0,\"count\":0,\"filter\":\"raw\"},{\"term_id\":1973,\"name\":\"Location v\\u00e9hicule collection\",\"slug\":\"location-vehicule-collection\",\"term_group\":0,\"term_taxonomy_id\":1973,\"taxonomy\":\"awpcp_listing_category\",\"description\":\"\",\"parent\":0,\"count\":0,\"filter\":\"raw\"},{\"term_id\":1975,\"name\":\"Pi\\u00e8ces auto, moto, et autre\",\"slug\":\"pieces-auto-moto-et-autre\",\"term_group\":0,\"term_taxonomy_id\":1975,\"taxonomy\":\"awpcp_listing_category\",\"description\":\"\",\"parent\":0,\"count\":2,\"filter\":\"raw\"},{\"term_id\":1974,\"name\":\"Mat\\u00e9riel atelier\",\"slug\":\"materiel-atelier\",\"term_group\":0,\"term_taxonomy_id\":1974,\"taxonomy\":\"awpcp_listing_category\",\"description\":\"\",\"parent\":0,\"count\":1,\"filter\":\"raw\"},{\"term_id\":1976,\"name\":\"Divers\",\"slug\":\"divers\",\"term_group\":0,\"term_taxonomy_id\":1976,\"taxonomy\":\"awpcp_listing_category\",\"description\":\"\",\"parent\":0,\"count\":0,\"filter\":\"raw\"}]},\"paymentTerms\":[],\"subcategoryLabel\":\"S\\u00e9lectionnez une sous-rubrique\"};<\/script>\n    <\/div>\n<\/form>\n<div class=\"awpcp-pagination pager\">\n    \n    <\/div>\n\n    <div class=\"awpcp-listings awpcp-clearboth\">\n        <div class=\"displayaditemseven $isfeaturedclass\">\r\n\t\t\t\t\t\t\t\t<div style=\"width:80px; padding:5px; float:left; margin-right:20px;\">\r\n\t\t\t\t\t\t\t\t\t<a class=\"awpcp-listing-primary-image-listing-link\" href=\"https:\/\/www.atelier-du-temps.com\/accueil-new\/petites-annonces-2\/annonce\/58918\/\"><img loading=\"lazy\" decoding=\"async\" width=\"80\" height=\"80\" src=\"https:\/\/www.atelier-du-temps.com\/wp-content\/uploads\/61rpn08-egl._ac_sl1200-95aa1900-80x80.jpg\" class=\"awpcp-listing-primary-image-thumbnail\" alt=\"Gants Texxor black touch T.9 - Lot de 4 paires de Gants\" style=\"width: 80px;\" srcset=\"https:\/\/www.atelier-du-temps.com\/wp-content\/uploads\/61rpn08-egl._ac_sl1200-95aa1900-80x80.jpg 80w, https:\/\/www.atelier-du-temps.com\/wp-content\/uploads\/61rpn08-egl._ac_sl1200-95aa1900-150x150.jpg 150w, https:\/\/www.atelier-du-temps.com\/wp-content\/uploads\/61rpn08-egl._ac_sl1200-95aa1900-125x125.jpg 125w, https:\/\/www.atelier-du-temps.com\/wp-content\/uploads\/61rpn08-egl._ac_sl1200-95aa1900-200x200.jpg 200w\" sizes=\"auto, (max-width: 80px) 100vw, 80px\" \/><\/a>\r\n\t\t\t\t\t\t\t\t<\/div>\r\n\t\t\t\t\t\t\t\t<div style=\"width:50%; padding:5px; float:left;\">\r\n\t\t\t\t\t\t\t\t\t<h4><a href=\"https:\/\/www.atelier-du-temps.com\/accueil-new\/petites-annonces-2\/annonce\/58918\/\">Gants Texxor black touch T.9 - Lot de 4 paires de Gants<\/a><\/h4>\r\n\t\t\t\t\t\t\t\t\tLot de 4 paires de Gants de travail Texxor black touch Taille 9 - (M) le lisseret des gants est\u2026\r\n\t\t\t\t\t\t\t\t<\/div>\r\n\t\t\t\t\t\t\t\t<div style=\"padding:5px; float:left;\">\r\n\t\t\t\t\t\t\t\t\t26\/09\/2019<br\/>\r\n\t\t\t\t\t\t\t\t\t\r\n\t\t\t\t\t\t\t\t\t\r\n\t\t\t\t\t\t\t\t\tTotal des vues: 99<br\/>\r\n\t\t\t\t\t\t\t\t\tPrix: 10 \u20ac\r\n\t\t\t\t\t\t\t\t\t\r\n\t\t\t\t\t\t\t\t<\/div>\r\n\t\t\t\t\t\t\t\t<span class=\"fixfloat\"><\/span>\r\n\t\t\t\t\t\t\t<\/div>\r\n\t\t\t\t\t\t\t<div class=\"fixfloat\"><\/div><div class=\"displayaditemsodd $isfeaturedclass\">\r\n\t\t\t\t\t\t\t\t<div style=\"width:80px; padding:5px; float:left; margin-right:20px;\">\r\n\t\t\t\t\t\t\t\t\t\r\n\t\t\t\t\t\t\t\t<\/div>\r\n\t\t\t\t\t\t\t\t<div style=\"width:50%; padding:5px; float:left;\">\r\n\t\t\t\t\t\t\t\t\t<h4><a href=\"https:\/\/www.atelier-du-temps.com\/accueil-new\/petites-annonces-2\/annonce\/59569\/\">Cherche pi\u00e8ces diverses Ford Escort Ghia (mk4)<\/a><\/h4>\r\n\t\t\t\t\t\t\t\t\tBonjour, Difficile de trouver des pi\u00e8ces pour cette voiture vu que les casses ne gardent plus longtemps les v\u00e9hicules anciennes.\u2026\r\n\t\t\t\t\t\t\t\t<\/div>\r\n\t\t\t\t\t\t\t\t<div style=\"padding:5px; float:left;\">\r\n\t\t\t\t\t\t\t\t\t20\/09\/2020<br\/>\r\n\t\t\t\t\t\t\t\t\t\r\n\t\t\t\t\t\t\t\t\t\r\n\t\t\t\t\t\t\t\t\tTotal des vues: 93<br\/>\r\n\t\t\t\t\t\t\t\t\t\r\n\t\t\t\t\t\t\t\t\t\r\n\t\t\t\t\t\t\t\t<\/div>\r\n\t\t\t\t\t\t\t\t<span class=\"fixfloat\"><\/span>\r\n\t\t\t\t\t\t\t<\/div>\r\n\t\t\t\t\t\t\t<div class=\"fixfloat\"><\/div><div class=\"displayaditemseven $isfeaturedclass\">\r\n\t\t\t\t\t\t\t\t<div style=\"width:80px; padding:5px; float:left; margin-right:20px;\">\r\n\t\t\t\t\t\t\t\t\t\r\n\t\t\t\t\t\t\t\t<\/div>\r\n\t\t\t\t\t\t\t\t<div style=\"width:50%; padding:5px; float:left;\">\r\n\t\t\t\t\t\t\t\t\t<h4><a href=\"https:\/\/www.atelier-du-temps.com\/accueil-new\/petites-annonces-2\/annonce\/61601\/\">2 jantes Renault R14<\/a><\/h4>\r\n\t\t\t\t\t\t\t\t\tJ'ai deux jantes de Renault R14 en bon \u00e9tat \u00e0 donner\r\n\t\t\t\t\t\t\t\t<\/div>\r\n\t\t\t\t\t\t\t\t<div style=\"padding:5px; float:left;\">\r\n\t\t\t\t\t\t\t\t\t15\/12\/2025<br\/>\r\n\t\t\t\t\t\t\t\t\t\r\n\t\t\t\t\t\t\t\t\t\r\n\t\t\t\t\t\t\t\t\tTotal des vues: 5<br\/>\r\n\t\t\t\t\t\t\t\t\t\r\n\t\t\t\t\t\t\t\t\t\r\n\t\t\t\t\t\t\t\t<\/div>\r\n\t\t\t\t\t\t\t\t<span class=\"fixfloat\"><\/span>\r\n\t\t\t\t\t\t\t<\/div>\r\n\t\t\t\t\t\t\t<div class=\"fixfloat\"><\/div>    <\/div>\n\n    <div class=\"awpcp-pagination pager\">\n    \n        <form class=\"awpcp-pagination-form\" method=\"get\">\n        \n        \n        <label for=\"awpcp-pagination-results-0-82859600-1775601498\">Annonces par page:<\/label>\n\n        <select id=\"awpcp-pagination-results-0-82859600-1775601498\" name=\"results\">\n                                <option value=\"12\" selected=\"selected\">12<\/option>\n                                            <option value=\"20\">20<\/option>\n                                            <option value=\"50\">50<\/option>\n                                            <option value=\"100\">100<\/option>\n                            <\/select>\n\n            <\/form>\n    <\/div>\n<\/div>\n[\/vc_column_text][\/vc_column][\/vc_row]\n<\/div>","protected":false},"excerpt":{"rendered":"<p>[vc_row][vc_column][vc_column_text]Vous pouvez ins\u00e9rer et\/ou visualiser des annonces gratuites et sans commission. Ces annonces ne doivent concerner uniquement des sujets li\u00e9s aux v\u00e9hicules de collection. Seuls les particuliers sont autoris\u00e9s \u00e0 publier des annonces sur ce site. Toutes les annonces sont&hellip;<\/p>\n","protected":false},"author":1,"featured_media":0,"parent":0,"menu_order":0,"comment_status":"closed","ping_status":"closed","template":"","meta":{"_crdt_document":"","_exactmetrics_skip_tracking":false,"_exactmetrics_sitenote_active":false,"_exactmetrics_sitenote_note":"","_exactmetrics_sitenote_category":0,"_price":"","_stock":"","_tribe_ticket_header":"","_tribe_default_ticket_provider":"","_tribe_ticket_capacity":"0","_ticket_start_date":"","_ticket_end_date":"","_tribe_ticket_show_description":"","_tribe_ticket_show_not_going":false,"_tribe_ticket_use_global_stock":"","_tribe_ticket_global_stock_level":"","_global_stock_mode":"","_global_stock_cap":"","_tribe_rsvp_for_event":"","_tribe_ticket_going_count":"","_tribe_ticket_not_going_count":"","_tribe_tickets_list":"[]","_tribe_ticket_has_attendee_info_fields":false,"footnotes":"","_tec_slr_enabled":"","_tec_slr_layout":""},"class_list":["post-5527","page","type-page","status-publish","hentry","entry","no-media"],"yoast_head":"<!-- This site is optimized with the Yoast SEO plugin v27.3 - https:\/\/yoast.com\/product\/yoast-seo-wordpress\/ -->\n<title>Les annonces - ATELIER DU TEMPS<\/title>\n<meta name=\"robots\" content=\"index, follow, max-snippet:-1, max-image-preview:large, max-video-preview:-1\" \/>\n<link rel=\"canonical\" href=\"https:\/\/www.atelier-du-temps.com\/accueil-new\/petites-annonces-2\/\" \/>\n<meta property=\"og:locale\" content=\"fr_FR\" \/>\n<meta property=\"og:type\" content=\"article\" \/>\n<meta property=\"og:title\" content=\"Les annonces - ATELIER DU TEMPS\" \/>\n<meta property=\"og:description\" content=\"[vc_row][vc_column][vc_column_text]Vous pouvez ins\u00e9rer et\/ou visualiser des annonces gratuites et sans commission. Ces annonces ne doivent concerner uniquement des sujets li\u00e9s aux v\u00e9hicules de collection. Seuls les particuliers sont autoris\u00e9s \u00e0 publier des annonces sur ce site. Toutes les annonces sont&hellip;\" \/>\n<meta property=\"og:url\" content=\"https:\/\/www.atelier-du-temps.com\/accueil-new\/petites-annonces-2\/\" \/>\n<meta property=\"og:site_name\" content=\"ATELIER DU TEMPS\" \/>\n<meta property=\"article:modified_time\" content=\"2020-06-05T10:54:29+00:00\" \/>\n<meta name=\"twitter:card\" content=\"summary_large_image\" \/>\n<script type=\"application\/ld+json\" class=\"yoast-schema-graph\">{\"@context\":\"https:\\\/\\\/schema.org\",\"@graph\":[{\"@type\":\"WebPage\",\"@id\":\"https:\\\/\\\/www.atelier-du-temps.com\\\/accueil-new\\\/petites-annonces-2\\\/\",\"url\":\"https:\\\/\\\/www.atelier-du-temps.com\\\/accueil-new\\\/petites-annonces-2\\\/\",\"name\":\"Les annonces - ATELIER DU TEMPS\",\"isPartOf\":{\"@id\":\"https:\\\/\\\/www.atelier-du-temps.com\\\/accueil-new\\\/#website\"},\"datePublished\":\"2016-08-02T22:00:00+00:00\",\"dateModified\":\"2020-06-05T10:54:29+00:00\",\"breadcrumb\":{\"@id\":\"https:\\\/\\\/www.atelier-du-temps.com\\\/accueil-new\\\/petites-annonces-2\\\/#breadcrumb\"},\"inLanguage\":\"fr-FR\",\"potentialAction\":[{\"@type\":\"ReadAction\",\"target\":[\"https:\\\/\\\/www.atelier-du-temps.com\\\/accueil-new\\\/petites-annonces-2\\\/\"]}]},{\"@type\":\"BreadcrumbList\",\"@id\":\"https:\\\/\\\/www.atelier-du-temps.com\\\/accueil-new\\\/petites-annonces-2\\\/#breadcrumb\",\"itemListElement\":[{\"@type\":\"ListItem\",\"position\":1,\"name\":\"Accueil\",\"item\":\"https:\\\/\\\/www.atelier-du-temps.com\\\/accueil-new\\\/\"},{\"@type\":\"ListItem\",\"position\":2,\"name\":\"Les annonces\"}]},{\"@type\":\"WebSite\",\"@id\":\"https:\\\/\\\/www.atelier-du-temps.com\\\/accueil-new\\\/#website\",\"url\":\"https:\\\/\\\/www.atelier-du-temps.com\\\/accueil-new\\\/\",\"name\":\"ATELIER DU TEMPS\",\"description\":\"Le mus\u00e9e vivant de l&#039;automobile\",\"publisher\":{\"@id\":\"https:\\\/\\\/www.atelier-du-temps.com\\\/accueil-new\\\/#organization\"},\"potentialAction\":[{\"@type\":\"SearchAction\",\"target\":{\"@type\":\"EntryPoint\",\"urlTemplate\":\"https:\\\/\\\/www.atelier-du-temps.com\\\/accueil-new\\\/?s={search_term_string}\"},\"query-input\":{\"@type\":\"PropertyValueSpecification\",\"valueRequired\":true,\"valueName\":\"search_term_string\"}}],\"inLanguage\":\"fr-FR\"},{\"@type\":\"Organization\",\"@id\":\"https:\\\/\\\/www.atelier-du-temps.com\\\/accueil-new\\\/#organization\",\"name\":\"ATELIER DU TEMPS\",\"url\":\"https:\\\/\\\/www.atelier-du-temps.com\\\/accueil-new\\\/\",\"logo\":{\"@type\":\"ImageObject\",\"inLanguage\":\"fr-FR\",\"@id\":\"https:\\\/\\\/www.atelier-du-temps.com\\\/accueil-new\\\/#\\\/schema\\\/logo\\\/image\\\/\",\"url\":\"https:\\\/\\\/www.atelier-du-temps.com\\\/wp-content\\\/uploads\\\/AT-logo-site-scaled.jpg\",\"contentUrl\":\"https:\\\/\\\/www.atelier-du-temps.com\\\/wp-content\\\/uploads\\\/AT-logo-site-scaled.jpg\",\"width\":2560,\"height\":1150,\"caption\":\"ATELIER DU TEMPS\"},\"image\":{\"@id\":\"https:\\\/\\\/www.atelier-du-temps.com\\\/accueil-new\\\/#\\\/schema\\\/logo\\\/image\\\/\"}}]}<\/script>\n<!-- \/ Yoast SEO plugin. -->","yoast_head_json":{"title":"Les annonces - ATELIER DU TEMPS","robots":{"index":"index","follow":"follow","max-snippet":"max-snippet:-1","max-image-preview":"max-image-preview:large","max-video-preview":"max-video-preview:-1"},"canonical":"https:\/\/www.atelier-du-temps.com\/accueil-new\/petites-annonces-2\/","og_locale":"fr_FR","og_type":"article","og_title":"Les annonces - ATELIER DU TEMPS","og_description":"[vc_row][vc_column][vc_column_text]Vous pouvez ins\u00e9rer et\/ou visualiser des annonces gratuites et sans commission. Ces annonces ne doivent concerner uniquement des sujets li\u00e9s aux v\u00e9hicules de collection. Seuls les particuliers sont autoris\u00e9s \u00e0 publier des annonces sur ce site. Toutes les annonces sont&hellip;","og_url":"https:\/\/www.atelier-du-temps.com\/accueil-new\/petites-annonces-2\/","og_site_name":"ATELIER DU TEMPS","article_modified_time":"2020-06-05T10:54:29+00:00","twitter_card":"summary_large_image","schema":{"@context":"https:\/\/schema.org","@graph":[{"@type":"WebPage","@id":"https:\/\/www.atelier-du-temps.com\/accueil-new\/petites-annonces-2\/","url":"https:\/\/www.atelier-du-temps.com\/accueil-new\/petites-annonces-2\/","name":"Les annonces - ATELIER DU TEMPS","isPartOf":{"@id":"https:\/\/www.atelier-du-temps.com\/accueil-new\/#website"},"datePublished":"2016-08-02T22:00:00+00:00","dateModified":"2020-06-05T10:54:29+00:00","breadcrumb":{"@id":"https:\/\/www.atelier-du-temps.com\/accueil-new\/petites-annonces-2\/#breadcrumb"},"inLanguage":"fr-FR","potentialAction":[{"@type":"ReadAction","target":["https:\/\/www.atelier-du-temps.com\/accueil-new\/petites-annonces-2\/"]}]},{"@type":"BreadcrumbList","@id":"https:\/\/www.atelier-du-temps.com\/accueil-new\/petites-annonces-2\/#breadcrumb","itemListElement":[{"@type":"ListItem","position":1,"name":"Accueil","item":"https:\/\/www.atelier-du-temps.com\/accueil-new\/"},{"@type":"ListItem","position":2,"name":"Les annonces"}]},{"@type":"WebSite","@id":"https:\/\/www.atelier-du-temps.com\/accueil-new\/#website","url":"https:\/\/www.atelier-du-temps.com\/accueil-new\/","name":"ATELIER DU TEMPS","description":"Le mus\u00e9e vivant de l&#039;automobile","publisher":{"@id":"https:\/\/www.atelier-du-temps.com\/accueil-new\/#organization"},"potentialAction":[{"@type":"SearchAction","target":{"@type":"EntryPoint","urlTemplate":"https:\/\/www.atelier-du-temps.com\/accueil-new\/?s={search_term_string}"},"query-input":{"@type":"PropertyValueSpecification","valueRequired":true,"valueName":"search_term_string"}}],"inLanguage":"fr-FR"},{"@type":"Organization","@id":"https:\/\/www.atelier-du-temps.com\/accueil-new\/#organization","name":"ATELIER DU TEMPS","url":"https:\/\/www.atelier-du-temps.com\/accueil-new\/","logo":{"@type":"ImageObject","inLanguage":"fr-FR","@id":"https:\/\/www.atelier-du-temps.com\/accueil-new\/#\/schema\/logo\/image\/","url":"https:\/\/www.atelier-du-temps.com\/wp-content\/uploads\/AT-logo-site-scaled.jpg","contentUrl":"https:\/\/www.atelier-du-temps.com\/wp-content\/uploads\/AT-logo-site-scaled.jpg","width":2560,"height":1150,"caption":"ATELIER DU TEMPS"},"image":{"@id":"https:\/\/www.atelier-du-temps.com\/accueil-new\/#\/schema\/logo\/image\/"}}]}},"ticketed":false,"_links":{"self":[{"href":"https:\/\/www.atelier-du-temps.com\/accueil-new\/wp-json\/wp\/v2\/pages\/5527","targetHints":{"allow":["GET"]}}],"collection":[{"href":"https:\/\/www.atelier-du-temps.com\/accueil-new\/wp-json\/wp\/v2\/pages"}],"about":[{"href":"https:\/\/www.atelier-du-temps.com\/accueil-new\/wp-json\/wp\/v2\/types\/page"}],"author":[{"embeddable":true,"href":"https:\/\/www.atelier-du-temps.com\/accueil-new\/wp-json\/wp\/v2\/users\/1"}],"replies":[{"embeddable":true,"href":"https:\/\/www.atelier-du-temps.com\/accueil-new\/wp-json\/wp\/v2\/comments?post=5527"}],"version-history":[{"count":2,"href":"https:\/\/www.atelier-du-temps.com\/accueil-new\/wp-json\/wp\/v2\/pages\/5527\/revisions"}],"predecessor-version":[{"id":55670,"href":"https:\/\/www.atelier-du-temps.com\/accueil-new\/wp-json\/wp\/v2\/pages\/5527\/revisions\/55670"}],"wp:attachment":[{"href":"https:\/\/www.atelier-du-temps.com\/accueil-new\/wp-json\/wp\/v2\/media?parent=5527"}],"curies":[{"name":"wp","href":"https:\/\/api.w.org\/{rel}","templated":true}]}}