{"id":5536,"date":"2016-08-03T00:00:00","date_gmt":"2016-08-03T00:00:00","guid":{"rendered":"https:\/\/www.atelier-du-temps.com\/\/awpcp\/search-ads\/"},"modified":"2017-11-13T22:00:29","modified_gmt":"2017-11-13T20:00:29","slug":"rechercher-une-annonce","status":"publish","type":"page","link":"https:\/\/www.atelier-du-temps.com\/accueil-new\/petites-annonces-2\/rechercher-une-annonce\/","title":{"rendered":"Rechercher une annonce"},"content":{"rendered":"\n<div class=\"awpcp-search-ads awpcp-page\" id=\"classiwrapper\">\n\n            <ul class=\"awpcp-classifieds-menu awpcp-clearfix\" data-breakpoints='{\"tiny\": [0,400], \"small\": [400,500]}' data-breakpoints-class-prefix=\"awpcp-classifieds-menu\">\n    <li class=\"awpcp-classifieds-menu--menu-item awpcp-classifieds-menu--post-listing-menu-item\">\n        <a class=\"awpcp-classifieds-menu--menu-item-link button\" href=\"https:\/\/www.atelier-du-temps.com\/accueil-new\/petites-annonces-2\/ajouter-une-annonce\">Ajouter une annonce<\/a>\n    <\/li>\n    <li class=\"awpcp-classifieds-menu--menu-item awpcp-classifieds-menu--edit-listing-menu-item\">\n        <a class=\"awpcp-classifieds-menu--menu-item-link button\" href=\"https:\/\/www.atelier-du-temps.com\/accueil-new\/petites-annonces-2\/editer\">Editer<\/a>\n    <\/li>\n    <li class=\"awpcp-classifieds-menu--menu-item awpcp-classifieds-menu--browse-listings-menu-item\">\n        <a class=\"awpcp-classifieds-menu--menu-item-link button\" href=\"https:\/\/www.atelier-du-temps.com\/accueil-new\/petites-annonces-2\/liste-des-annonces\">Liste des annonces<\/a>\n    <\/li>\n    <li class=\"awpcp-classifieds-menu--menu-item awpcp-classifieds-menu--search-listings-menu-item\">\n        <a class=\"awpcp-classifieds-menu--menu-item-link button\" href=\"https:\/\/www.atelier-du-temps.com\/accueil-new\/petites-annonces-2\/rechercher-une-annonce\">Rechercher une annonce<\/a>\n    <\/li>\n<\/ul>\n    \n    <form class=\"awpcp-search-ads-form\" method=\"get\" action=\"https:\/\/www.atelier-du-temps.com\/accueil-new\/wp-json\/wp\/v2\/pages\/5536\"name=\"myform\">\n    <input type=\"hidden\" name=\"awpcp-step\" value=\"dosearch\" \/>\n    <p class=\"awpcp-form-field awpcp-form-spacer\">\n        <label for=\"query\">Rechercher des annonces contenant ce mot ou cette phrase:<\/label>\n        <input type=\"text\" id=\"query\" class=\"awpcp-textfield inputbox\" size=\"50\" name=\"keywordphrase\" value=\"\" \/>\n            <\/p>\n\n    <p class=\"awpcp-form-spacer\">\n        <label class=\"awpcp-category-dropdown-label\" for=\"awpcp-category-dropdown-69eaac0421d48\">Rubrique<\/label>\n\n\n<select id=\"awpcp-category-dropdown-69eaac0421d48\" class=\"awpcp-category-dropdown awpcp-dropdown \" name=\"searchcategory[]\" data-hash=\"69eaac0421d48\" placeholder=\"Toutes les rubriques\" multiple=\"multiple\" style=\"width: 100%\">\n    <option class=\"dropdownparentcategory\" value=\"1971\">Vente v\u00e9hicule collection<\/option><option class=\"dropdownparentcategory\" value=\"1972\">Achat v\u00e9hicule collection<\/option><option class=\"dropdownparentcategory\" value=\"1973\">Location v\u00e9hicule collection<\/option><option class=\"dropdownparentcategory\" value=\"1975\">Pi\u00e8ces auto, moto, et autre<\/option><option class=\"dropdownparentcategory\" value=\"1974\">Mat\u00e9riel atelier<\/option><option class=\"dropdownparentcategory\" value=\"1976\">Divers<\/option><\/select>\n\n\n<script type=\"text\/javascript\">var categories_69eaac0421d48 = {\"mode\":\"basic\",\"select2\":{\"containerCssClass\":\"awpcp-category-dropdown-selection\",\"dropdownCssClass\":\"awpcp-category-dropdown-options\",\"allowClear\":true,\"placeholder\":\"Toutes les rubriques\",\"maximumSelectionLength\":100},\"selectedCategoriesIds\":[],\"categoriesHierarchy\":{\"root\":[{\"term_id\":1971,\"name\":\"Vente v\\u00e9hicule collection\",\"slug\":\"vente-vehicule-collection\",\"term_group\":0,\"term_taxonomy_id\":1971,\"taxonomy\":\"awpcp_listing_category\",\"description\":\"\",\"parent\":0,\"count\":0,\"filter\":\"raw\"},{\"term_id\":1972,\"name\":\"Achat v\\u00e9hicule collection\",\"slug\":\"achat-vehicule-collection\",\"term_group\":0,\"term_taxonomy_id\":1972,\"taxonomy\":\"awpcp_listing_category\",\"description\":\"\",\"parent\":0,\"count\":0,\"filter\":\"raw\"},{\"term_id\":1973,\"name\":\"Location v\\u00e9hicule collection\",\"slug\":\"location-vehicule-collection\",\"term_group\":0,\"term_taxonomy_id\":1973,\"taxonomy\":\"awpcp_listing_category\",\"description\":\"\",\"parent\":0,\"count\":0,\"filter\":\"raw\"},{\"term_id\":1975,\"name\":\"Pi\\u00e8ces auto, moto, et autre\",\"slug\":\"pieces-auto-moto-et-autre\",\"term_group\":0,\"term_taxonomy_id\":1975,\"taxonomy\":\"awpcp_listing_category\",\"description\":\"\",\"parent\":0,\"count\":2,\"filter\":\"raw\"},{\"term_id\":1974,\"name\":\"Mat\\u00e9riel atelier\",\"slug\":\"materiel-atelier\",\"term_group\":0,\"term_taxonomy_id\":1974,\"taxonomy\":\"awpcp_listing_category\",\"description\":\"\",\"parent\":0,\"count\":1,\"filter\":\"raw\"},{\"term_id\":1976,\"name\":\"Divers\",\"slug\":\"divers\",\"term_group\":0,\"term_taxonomy_id\":1976,\"taxonomy\":\"awpcp_listing_category\",\"description\":\"\",\"parent\":0,\"count\":0,\"filter\":\"raw\"}]},\"paymentTerms\":[],\"subcategoryLabel\":\"S\\u00e9lectionnez une sous-rubrique\"};<\/script>\n    <\/p>\n\n    \n        <div class=\"awpcp-form-field awpcp-range-form-field awpcp-form-spacer\">\n        <div class=\"awpcp-range-search\">\n            <label for=\"min-price\">Prix min<\/label>\n            <input id=\"min-price\" class=\"awpcp-textfield inputbox money\" type=\"text\" name=\"searchpricemin\" value=\"\">\n        <\/div>\n        <div class=\"awpcp-range-search\">\n            <label for=\"max-price\">Prix max<\/label>\n            <input id=\"max-price\" class=\"awpcp-textfield inputbox money\" type=\"text\" name=\"searchpricemax\" value=\"\">\n        <\/div>\n                    <\/div>\n    \n    \n    \n    <p class=\"awpcp-form-field\"><input type=\"submit\" class=\"button\" value=\"Trouver des annonces\"\/><\/p>\n<\/form>\n<\/div>\n\n","protected":false},"excerpt":{"rendered":"Ajouter une annonce Editer Liste des annonces Rechercher une annonce Rechercher des annonces contenant ce mot ou cette phrase: Rubrique Vente v\u00e9hicule collectionAchat v\u00e9hicule collectionLocation v\u00e9hicule collectionPi\u00e8ces auto, moto, et autreMat\u00e9riel atelierDivers Prix min Prix max","protected":false},"author":1,"featured_media":0,"parent":5527,"menu_order":0,"comment_status":"closed","ping_status":"closed","template":"","meta":{"_crdt_document":"","_exactmetrics_skip_tracking":false,"_exactmetrics_sitenote_active":false,"_exactmetrics_sitenote_note":"","_exactmetrics_sitenote_category":0,"_price":"","_stock":"","_tribe_ticket_header":"","_tribe_default_ticket_provider":"","_tribe_ticket_capacity":"0","_ticket_start_date":"","_ticket_end_date":"","_tribe_ticket_show_description":"","_tribe_ticket_show_not_going":false,"_tribe_ticket_use_global_stock":"","_tribe_ticket_global_stock_level":"","_global_stock_mode":"","_global_stock_cap":"","_tribe_rsvp_for_event":"","_tribe_ticket_going_count":"","_tribe_ticket_not_going_count":"","_tribe_tickets_list":"[]","_tribe_ticket_has_attendee_info_fields":false,"footnotes":"","_tec_slr_enabled":"","_tec_slr_layout":""},"class_list":["post-5536","page","type-page","status-publish","hentry","entry","no-media"],"yoast_head":"<!-- This site is optimized with the Yoast SEO plugin v27.4 - https:\/\/yoast.com\/product\/yoast-seo-wordpress\/ -->\n<title>Rechercher une annonce - ATELIER DU TEMPS<\/title>\n<meta name=\"robots\" content=\"index, follow, max-snippet:-1, max-image-preview:large, max-video-preview:-1\" \/>\n<link rel=\"canonical\" href=\"https:\/\/www.atelier-du-temps.com\/accueil-new\/petites-annonces-2\/rechercher-une-annonce\/\" \/>\n<meta property=\"og:locale\" content=\"fr_FR\" \/>\n<meta property=\"og:type\" content=\"article\" \/>\n<meta property=\"og:title\" content=\"Rechercher une annonce - ATELIER DU TEMPS\" \/>\n<meta property=\"og:url\" content=\"https:\/\/www.atelier-du-temps.com\/accueil-new\/petites-annonces-2\/rechercher-une-annonce\/\" \/>\n<meta property=\"og:site_name\" content=\"ATELIER DU TEMPS\" \/>\n<meta property=\"article:modified_time\" content=\"2017-11-13T20:00:29+00:00\" \/>\n<meta name=\"twitter:card\" content=\"summary_large_image\" \/>\n<script type=\"application\/ld+json\" class=\"yoast-schema-graph\">{\"@context\":\"https:\\\/\\\/schema.org\",\"@graph\":[{\"@type\":\"WebPage\",\"@id\":\"https:\\\/\\\/www.atelier-du-temps.com\\\/accueil-new\\\/petites-annonces-2\\\/rechercher-une-annonce\\\/\",\"url\":\"https:\\\/\\\/www.atelier-du-temps.com\\\/accueil-new\\\/petites-annonces-2\\\/rechercher-une-annonce\\\/\",\"name\":\"Rechercher une annonce - ATELIER DU TEMPS\",\"isPartOf\":{\"@id\":\"https:\\\/\\\/www.atelier-du-temps.com\\\/accueil-new\\\/#website\"},\"datePublished\":\"2016-08-03T00:00:00+00:00\",\"dateModified\":\"2017-11-13T20:00:29+00:00\",\"breadcrumb\":{\"@id\":\"https:\\\/\\\/www.atelier-du-temps.com\\\/accueil-new\\\/petites-annonces-2\\\/rechercher-une-annonce\\\/#breadcrumb\"},\"inLanguage\":\"fr-FR\",\"potentialAction\":[{\"@type\":\"ReadAction\",\"target\":[\"https:\\\/\\\/www.atelier-du-temps.com\\\/accueil-new\\\/petites-annonces-2\\\/rechercher-une-annonce\\\/\"]}]},{\"@type\":\"BreadcrumbList\",\"@id\":\"https:\\\/\\\/www.atelier-du-temps.com\\\/accueil-new\\\/petites-annonces-2\\\/rechercher-une-annonce\\\/#breadcrumb\",\"itemListElement\":[{\"@type\":\"ListItem\",\"position\":1,\"name\":\"Accueil\",\"item\":\"https:\\\/\\\/www.atelier-du-temps.com\\\/accueil-new\\\/\"},{\"@type\":\"ListItem\",\"position\":2,\"name\":\"Les annonces\",\"item\":\"https:\\\/\\\/www.atelier-du-temps.com\\\/accueil-new\\\/petites-annonces-2\\\/\"},{\"@type\":\"ListItem\",\"position\":3,\"name\":\"Rechercher une annonce\"}]},{\"@type\":\"WebSite\",\"@id\":\"https:\\\/\\\/www.atelier-du-temps.com\\\/accueil-new\\\/#website\",\"url\":\"https:\\\/\\\/www.atelier-du-temps.com\\\/accueil-new\\\/\",\"name\":\"ATELIER DU TEMPS\",\"description\":\"Le mus\u00e9e vivant de l&#039;automobile\",\"publisher\":{\"@id\":\"https:\\\/\\\/www.atelier-du-temps.com\\\/accueil-new\\\/#organization\"},\"potentialAction\":[{\"@type\":\"SearchAction\",\"target\":{\"@type\":\"EntryPoint\",\"urlTemplate\":\"https:\\\/\\\/www.atelier-du-temps.com\\\/accueil-new\\\/?s={search_term_string}\"},\"query-input\":{\"@type\":\"PropertyValueSpecification\",\"valueRequired\":true,\"valueName\":\"search_term_string\"}}],\"inLanguage\":\"fr-FR\"},{\"@type\":\"Organization\",\"@id\":\"https:\\\/\\\/www.atelier-du-temps.com\\\/accueil-new\\\/#organization\",\"name\":\"ATELIER DU TEMPS\",\"url\":\"https:\\\/\\\/www.atelier-du-temps.com\\\/accueil-new\\\/\",\"logo\":{\"@type\":\"ImageObject\",\"inLanguage\":\"fr-FR\",\"@id\":\"https:\\\/\\\/www.atelier-du-temps.com\\\/accueil-new\\\/#\\\/schema\\\/logo\\\/image\\\/\",\"url\":\"https:\\\/\\\/www.atelier-du-temps.com\\\/wp-content\\\/uploads\\\/AT-logo-site-scaled.jpg\",\"contentUrl\":\"https:\\\/\\\/www.atelier-du-temps.com\\\/wp-content\\\/uploads\\\/AT-logo-site-scaled.jpg\",\"width\":2560,\"height\":1150,\"caption\":\"ATELIER DU TEMPS\"},\"image\":{\"@id\":\"https:\\\/\\\/www.atelier-du-temps.com\\\/accueil-new\\\/#\\\/schema\\\/logo\\\/image\\\/\"}}]}<\/script>\n<!-- \/ Yoast SEO plugin. -->","yoast_head_json":{"title":"Rechercher une annonce - ATELIER DU TEMPS","robots":{"index":"index","follow":"follow","max-snippet":"max-snippet:-1","max-image-preview":"max-image-preview:large","max-video-preview":"max-video-preview:-1"},"canonical":"https:\/\/www.atelier-du-temps.com\/accueil-new\/petites-annonces-2\/rechercher-une-annonce\/","og_locale":"fr_FR","og_type":"article","og_title":"Rechercher une annonce - ATELIER DU TEMPS","og_url":"https:\/\/www.atelier-du-temps.com\/accueil-new\/petites-annonces-2\/rechercher-une-annonce\/","og_site_name":"ATELIER DU TEMPS","article_modified_time":"2017-11-13T20:00:29+00:00","twitter_card":"summary_large_image","schema":{"@context":"https:\/\/schema.org","@graph":[{"@type":"WebPage","@id":"https:\/\/www.atelier-du-temps.com\/accueil-new\/petites-annonces-2\/rechercher-une-annonce\/","url":"https:\/\/www.atelier-du-temps.com\/accueil-new\/petites-annonces-2\/rechercher-une-annonce\/","name":"Rechercher une annonce - ATELIER DU TEMPS","isPartOf":{"@id":"https:\/\/www.atelier-du-temps.com\/accueil-new\/#website"},"datePublished":"2016-08-03T00:00:00+00:00","dateModified":"2017-11-13T20:00:29+00:00","breadcrumb":{"@id":"https:\/\/www.atelier-du-temps.com\/accueil-new\/petites-annonces-2\/rechercher-une-annonce\/#breadcrumb"},"inLanguage":"fr-FR","potentialAction":[{"@type":"ReadAction","target":["https:\/\/www.atelier-du-temps.com\/accueil-new\/petites-annonces-2\/rechercher-une-annonce\/"]}]},{"@type":"BreadcrumbList","@id":"https:\/\/www.atelier-du-temps.com\/accueil-new\/petites-annonces-2\/rechercher-une-annonce\/#breadcrumb","itemListElement":[{"@type":"ListItem","position":1,"name":"Accueil","item":"https:\/\/www.atelier-du-temps.com\/accueil-new\/"},{"@type":"ListItem","position":2,"name":"Les annonces","item":"https:\/\/www.atelier-du-temps.com\/accueil-new\/petites-annonces-2\/"},{"@type":"ListItem","position":3,"name":"Rechercher une annonce"}]},{"@type":"WebSite","@id":"https:\/\/www.atelier-du-temps.com\/accueil-new\/#website","url":"https:\/\/www.atelier-du-temps.com\/accueil-new\/","name":"ATELIER DU TEMPS","description":"Le mus\u00e9e vivant de l&#039;automobile","publisher":{"@id":"https:\/\/www.atelier-du-temps.com\/accueil-new\/#organization"},"potentialAction":[{"@type":"SearchAction","target":{"@type":"EntryPoint","urlTemplate":"https:\/\/www.atelier-du-temps.com\/accueil-new\/?s={search_term_string}"},"query-input":{"@type":"PropertyValueSpecification","valueRequired":true,"valueName":"search_term_string"}}],"inLanguage":"fr-FR"},{"@type":"Organization","@id":"https:\/\/www.atelier-du-temps.com\/accueil-new\/#organization","name":"ATELIER DU TEMPS","url":"https:\/\/www.atelier-du-temps.com\/accueil-new\/","logo":{"@type":"ImageObject","inLanguage":"fr-FR","@id":"https:\/\/www.atelier-du-temps.com\/accueil-new\/#\/schema\/logo\/image\/","url":"https:\/\/www.atelier-du-temps.com\/wp-content\/uploads\/AT-logo-site-scaled.jpg","contentUrl":"https:\/\/www.atelier-du-temps.com\/wp-content\/uploads\/AT-logo-site-scaled.jpg","width":2560,"height":1150,"caption":"ATELIER DU TEMPS"},"image":{"@id":"https:\/\/www.atelier-du-temps.com\/accueil-new\/#\/schema\/logo\/image\/"}}]}},"ticketed":false,"_links":{"self":[{"href":"https:\/\/www.atelier-du-temps.com\/accueil-new\/wp-json\/wp\/v2\/pages\/5536","targetHints":{"allow":["GET"]}}],"collection":[{"href":"https:\/\/www.atelier-du-temps.com\/accueil-new\/wp-json\/wp\/v2\/pages"}],"about":[{"href":"https:\/\/www.atelier-du-temps.com\/accueil-new\/wp-json\/wp\/v2\/types\/page"}],"author":[{"embeddable":true,"href":"https:\/\/www.atelier-du-temps.com\/accueil-new\/wp-json\/wp\/v2\/users\/1"}],"replies":[{"embeddable":true,"href":"https:\/\/www.atelier-du-temps.com\/accueil-new\/wp-json\/wp\/v2\/comments?post=5536"}],"version-history":[{"count":3,"href":"https:\/\/www.atelier-du-temps.com\/accueil-new\/wp-json\/wp\/v2\/pages\/5536\/revisions"}],"predecessor-version":[{"id":7621,"href":"https:\/\/www.atelier-du-temps.com\/accueil-new\/wp-json\/wp\/v2\/pages\/5536\/revisions\/7621"}],"up":[{"embeddable":true,"href":"https:\/\/www.atelier-du-temps.com\/accueil-new\/wp-json\/wp\/v2\/pages\/5527"}],"wp:attachment":[{"href":"https:\/\/www.atelier-du-temps.com\/accueil-new\/wp-json\/wp\/v2\/media?parent=5536"}],"curies":[{"name":"wp","href":"https:\/\/api.w.org\/{rel}","templated":true}]}}