{"id":6839,"date":"2016-08-14T23:21:20","date_gmt":"2016-08-14T21:21:20","guid":{"rendered":"https:\/\/www.atelier-du-temps.com\/\/?page_id=6839"},"modified":"2019-03-20T14:35:15","modified_gmt":"2019-03-20T13:35:15","slug":"les-bourses-et-expos","status":"publish","type":"page","link":"https:\/\/www.atelier-du-temps.com\/accueil-new\/activites\/les-bourses-et-expos\/","title":{"rendered":"Les bourses et expos"},"content":{"rendered":"<div class=\"wpb-content-wrapper\">[vc_row][vc_column]<nav class=\"vcex-module vcex-navbar clr\"><div class=\"vcex-navbar-inner clr\"><a href=\"https:\/\/www.atelier-du-temps.com\/accueil-new\/activites\/les-bourses-et-expos\/bourses-expos-2019\/\" class=\"vcex-navbar-link theme-button blue hvr hvr-shadow has-bg-hover\" style=\"background:#1e73be;color:#ffffff;\" data-filter data-wpex-hover='{\"background\":\"#6193bf\",\"color\":\"#eeee22\"}'><span>2019<\/span><\/a><a href=\"https:\/\/www.atelier-du-temps.com\/accueil-new\/activites\/les-bourses-et-expos\/bourses-expos-2018\/\" class=\"vcex-navbar-link theme-button blue hvr hvr-shadow has-bg-hover\" style=\"background:#1e73be;color:#ffffff;\" data-filter data-wpex-hover='{\"background\":\"#6193bf\",\"color\":\"#eeee22\"}'><span>2018<\/span><\/a><a href=\"https:\/\/www.atelier-du-temps.com\/accueil-new\/activites\/les-bourses-et-expos\/bourses-expos-2017\/\" class=\"vcex-navbar-link theme-button blue hvr hvr-shadow has-bg-hover\" style=\"background:#1e73be;color:#ffffff;\" data-filter data-wpex-hover='{\"background\":\"#6193bf\",\"color\":\"#eeee22\"}'><span>2017<\/span><\/a><a href=\"https:\/\/www.atelier-du-temps.com\/accueil-new\/activites\/les-bourses-et-expos\/bourses-expos-2016\/\" class=\"vcex-navbar-link theme-button blue hvr hvr-shadow has-bg-hover\" style=\"background:#1e73be;color:#ffffff;\" data-filter data-wpex-hover='{\"background\":\"#6193bf\",\"color\":\"#eeee22\"}'><span>2016<\/span><\/a><a href=\"https:\/\/www.atelier-du-temps.com\/accueil-new\/activites\/les-bourses-et-expos\/bourses-expos-2015\/\" class=\"vcex-navbar-link theme-button blue hvr hvr-shadow has-bg-hover\" style=\"background:#1e73be;color:#ffffff;\" data-filter data-wpex-hover='{\"background\":\"#6193bf\",\"color\":\"#eeee22\"}'><span>2015<\/span><\/a><a href=\"https:\/\/www.atelier-du-temps.com\/accueil-new\/activites\/les-bourses-et-expos\/bourses-expos-2014\/\" class=\"vcex-navbar-link theme-button blue hvr hvr-shadow has-bg-hover\" style=\"background:#1e73be;color:#ffffff;\" data-filter data-wpex-hover='{\"background\":\"#6193bf\",\"color\":\"#eeee22\"}'><span>2014<\/span><\/a><\/div><\/nav>[\/vc_column][\/vc_row][vc_row][vc_column][vc_column_text]\n<p style=\"text-align: justify;\">L&rsquo;Atelier du Temps organise ou participe chaque ann\u00e9e :<\/p>\n<ul>\n<li style=\"list-style-type: none;\">\n<ul>\n<li style=\"text-align: justify;\">en janvier, \u00e0 la bourse de La Beaujoire \u00e0 Nantes\n<ul>\n<li>exposition de v\u00e9hicule de collection<\/li>\n<li>stand de puces de pieces autos-moto<\/li>\n<\/ul>\n<\/li>\n<li>fin mai sa bourse\/expo dans le parc du Grand Plessis, site du restaurant \u00ab\u00a0Chez Benureau\u00a0\u00bb, \u00e0 Ste Luce sur Loire<\/li>\n<\/ul>\n<\/li>\n<\/ul>\n<ul>\n<li style=\"list-style-type: none;\">\n<ul>\n<li>balade de v\u00e9hicules de collection<\/li>\n<li>exposition avec diff\u00e9rents clubs participants<\/li>\n<li>bourse de pi\u00e8ces de v\u00e9hicule anciens<\/li>\n<li>bar, friterie, snack<\/li>\n<li>en septembre participation \u00e0 la journ\u00e9e du patrimoine<\/li>\n<li>et d&rsquo;autres bourses ou expositions en soutien \u00e0 des associations<\/li>\n<\/ul>\n<\/li>\n<\/ul>\n<p>Quelques photos et r\u00e9cits de ces journ\u00e9es[\/vc_column_text][\/vc_column][\/vc_row]\n<\/div>","protected":false},"excerpt":{"rendered":"<p>[vc_row][vc_column][\/vc_column][\/vc_row][vc_row][vc_column][vc_column_text] L&rsquo;Atelier du Temps organise ou participe chaque ann\u00e9e : en janvier, \u00e0 la bourse de La Beaujoire \u00e0 Nantes exposition de v\u00e9hicule de collection stand de puces de pieces autos-moto fin mai sa bourse\/expo dans le parc du Grand&hellip;<\/p>\n","protected":false},"author":1,"featured_media":0,"parent":42391,"menu_order":0,"comment_status":"closed","ping_status":"closed","template":"","meta":{"_crdt_document":"","_exactmetrics_skip_tracking":false,"_exactmetrics_sitenote_active":false,"_exactmetrics_sitenote_note":"","_exactmetrics_sitenote_category":0,"_price":"","_stock":"","_tribe_ticket_header":"","_tribe_default_ticket_provider":"","_tribe_ticket_capacity":"0","_ticket_start_date":"","_ticket_end_date":"","_tribe_ticket_show_description":"","_tribe_ticket_show_not_going":false,"_tribe_ticket_use_global_stock":"","_tribe_ticket_global_stock_level":"","_global_stock_mode":"","_global_stock_cap":"","_tribe_rsvp_for_event":"","_tribe_ticket_going_count":"","_tribe_ticket_not_going_count":"","_tribe_tickets_list":"[]","_tribe_ticket_has_attendee_info_fields":false,"footnotes":"","_tec_slr_enabled":"","_tec_slr_layout":""},"class_list":["post-6839","page","type-page","status-publish","hentry","entry","no-media"],"yoast_head":"<!-- This site is optimized with the Yoast SEO plugin v27.3 - https:\/\/yoast.com\/product\/yoast-seo-wordpress\/ -->\n<title>Les bourses et expos - ATELIER DU TEMPS<\/title>\n<meta name=\"robots\" content=\"index, follow, max-snippet:-1, max-image-preview:large, max-video-preview:-1\" \/>\n<link rel=\"canonical\" href=\"https:\/\/www.atelier-du-temps.com\/accueil-new\/activites\/les-bourses-et-expos\/\" \/>\n<meta property=\"og:locale\" content=\"fr_FR\" \/>\n<meta property=\"og:type\" content=\"article\" \/>\n<meta property=\"og:title\" content=\"Les bourses et expos - ATELIER DU TEMPS\" \/>\n<meta property=\"og:description\" content=\"[vc_row][vc_column][\/vc_column][\/vc_row][vc_row][vc_column][vc_column_text] L&rsquo;Atelier du Temps organise ou participe chaque ann\u00e9e : en janvier, \u00e0 la bourse de La Beaujoire \u00e0 Nantes exposition de v\u00e9hicule de collection stand de puces de pieces autos-moto fin mai sa bourse\/expo dans le parc du Grand&hellip;\" \/>\n<meta property=\"og:url\" content=\"https:\/\/www.atelier-du-temps.com\/accueil-new\/activites\/les-bourses-et-expos\/\" \/>\n<meta property=\"og:site_name\" content=\"ATELIER DU TEMPS\" \/>\n<meta property=\"article:modified_time\" content=\"2019-03-20T13:35:15+00:00\" \/>\n<meta name=\"twitter:card\" content=\"summary_large_image\" \/>\n<meta name=\"twitter:label1\" content=\"Dur\u00e9e de lecture estim\u00e9e\" \/>\n\t<meta name=\"twitter:data1\" content=\"1 minute\" \/>\n<script type=\"application\/ld+json\" class=\"yoast-schema-graph\">{\"@context\":\"https:\\\/\\\/schema.org\",\"@graph\":[{\"@type\":\"WebPage\",\"@id\":\"https:\\\/\\\/www.atelier-du-temps.com\\\/accueil-new\\\/activites\\\/les-bourses-et-expos\\\/\",\"url\":\"https:\\\/\\\/www.atelier-du-temps.com\\\/accueil-new\\\/activites\\\/les-bourses-et-expos\\\/\",\"name\":\"Les bourses et expos - ATELIER DU TEMPS\",\"isPartOf\":{\"@id\":\"https:\\\/\\\/www.atelier-du-temps.com\\\/accueil-new\\\/#website\"},\"datePublished\":\"2016-08-14T21:21:20+00:00\",\"dateModified\":\"2019-03-20T13:35:15+00:00\",\"breadcrumb\":{\"@id\":\"https:\\\/\\\/www.atelier-du-temps.com\\\/accueil-new\\\/activites\\\/les-bourses-et-expos\\\/#breadcrumb\"},\"inLanguage\":\"fr-FR\",\"potentialAction\":[{\"@type\":\"ReadAction\",\"target\":[\"https:\\\/\\\/www.atelier-du-temps.com\\\/accueil-new\\\/activites\\\/les-bourses-et-expos\\\/\"]}]},{\"@type\":\"BreadcrumbList\",\"@id\":\"https:\\\/\\\/www.atelier-du-temps.com\\\/accueil-new\\\/activites\\\/les-bourses-et-expos\\\/#breadcrumb\",\"itemListElement\":[{\"@type\":\"ListItem\",\"position\":1,\"name\":\"Accueil\",\"item\":\"https:\\\/\\\/www.atelier-du-temps.com\\\/accueil-new\\\/\"},{\"@type\":\"ListItem\",\"position\":2,\"name\":\"ACTIVITES\",\"item\":\"https:\\\/\\\/www.atelier-du-temps.com\\\/accueil-new\\\/activites\\\/\"},{\"@type\":\"ListItem\",\"position\":3,\"name\":\"Les bourses et expos\"}]},{\"@type\":\"WebSite\",\"@id\":\"https:\\\/\\\/www.atelier-du-temps.com\\\/accueil-new\\\/#website\",\"url\":\"https:\\\/\\\/www.atelier-du-temps.com\\\/accueil-new\\\/\",\"name\":\"ATELIER DU TEMPS\",\"description\":\"Le mus\u00e9e vivant de l&#039;automobile\",\"publisher\":{\"@id\":\"https:\\\/\\\/www.atelier-du-temps.com\\\/accueil-new\\\/#organization\"},\"potentialAction\":[{\"@type\":\"SearchAction\",\"target\":{\"@type\":\"EntryPoint\",\"urlTemplate\":\"https:\\\/\\\/www.atelier-du-temps.com\\\/accueil-new\\\/?s={search_term_string}\"},\"query-input\":{\"@type\":\"PropertyValueSpecification\",\"valueRequired\":true,\"valueName\":\"search_term_string\"}}],\"inLanguage\":\"fr-FR\"},{\"@type\":\"Organization\",\"@id\":\"https:\\\/\\\/www.atelier-du-temps.com\\\/accueil-new\\\/#organization\",\"name\":\"ATELIER DU TEMPS\",\"url\":\"https:\\\/\\\/www.atelier-du-temps.com\\\/accueil-new\\\/\",\"logo\":{\"@type\":\"ImageObject\",\"inLanguage\":\"fr-FR\",\"@id\":\"https:\\\/\\\/www.atelier-du-temps.com\\\/accueil-new\\\/#\\\/schema\\\/logo\\\/image\\\/\",\"url\":\"https:\\\/\\\/www.atelier-du-temps.com\\\/wp-content\\\/uploads\\\/AT-logo-site-scaled.jpg\",\"contentUrl\":\"https:\\\/\\\/www.atelier-du-temps.com\\\/wp-content\\\/uploads\\\/AT-logo-site-scaled.jpg\",\"width\":2560,\"height\":1150,\"caption\":\"ATELIER DU TEMPS\"},\"image\":{\"@id\":\"https:\\\/\\\/www.atelier-du-temps.com\\\/accueil-new\\\/#\\\/schema\\\/logo\\\/image\\\/\"}}]}<\/script>\n<!-- \/ Yoast SEO plugin. -->","yoast_head_json":{"title":"Les bourses et expos - ATELIER DU TEMPS","robots":{"index":"index","follow":"follow","max-snippet":"max-snippet:-1","max-image-preview":"max-image-preview:large","max-video-preview":"max-video-preview:-1"},"canonical":"https:\/\/www.atelier-du-temps.com\/accueil-new\/activites\/les-bourses-et-expos\/","og_locale":"fr_FR","og_type":"article","og_title":"Les bourses et expos - ATELIER DU TEMPS","og_description":"[vc_row][vc_column][\/vc_column][\/vc_row][vc_row][vc_column][vc_column_text] L&rsquo;Atelier du Temps organise ou participe chaque ann\u00e9e : en janvier, \u00e0 la bourse de La Beaujoire \u00e0 Nantes exposition de v\u00e9hicule de collection stand de puces de pieces autos-moto fin mai sa bourse\/expo dans le parc du Grand&hellip;","og_url":"https:\/\/www.atelier-du-temps.com\/accueil-new\/activites\/les-bourses-et-expos\/","og_site_name":"ATELIER DU TEMPS","article_modified_time":"2019-03-20T13:35:15+00:00","twitter_card":"summary_large_image","twitter_misc":{"Dur\u00e9e de lecture estim\u00e9e":"1 minute"},"schema":{"@context":"https:\/\/schema.org","@graph":[{"@type":"WebPage","@id":"https:\/\/www.atelier-du-temps.com\/accueil-new\/activites\/les-bourses-et-expos\/","url":"https:\/\/www.atelier-du-temps.com\/accueil-new\/activites\/les-bourses-et-expos\/","name":"Les bourses et expos - ATELIER DU TEMPS","isPartOf":{"@id":"https:\/\/www.atelier-du-temps.com\/accueil-new\/#website"},"datePublished":"2016-08-14T21:21:20+00:00","dateModified":"2019-03-20T13:35:15+00:00","breadcrumb":{"@id":"https:\/\/www.atelier-du-temps.com\/accueil-new\/activites\/les-bourses-et-expos\/#breadcrumb"},"inLanguage":"fr-FR","potentialAction":[{"@type":"ReadAction","target":["https:\/\/www.atelier-du-temps.com\/accueil-new\/activites\/les-bourses-et-expos\/"]}]},{"@type":"BreadcrumbList","@id":"https:\/\/www.atelier-du-temps.com\/accueil-new\/activites\/les-bourses-et-expos\/#breadcrumb","itemListElement":[{"@type":"ListItem","position":1,"name":"Accueil","item":"https:\/\/www.atelier-du-temps.com\/accueil-new\/"},{"@type":"ListItem","position":2,"name":"ACTIVITES","item":"https:\/\/www.atelier-du-temps.com\/accueil-new\/activites\/"},{"@type":"ListItem","position":3,"name":"Les bourses et expos"}]},{"@type":"WebSite","@id":"https:\/\/www.atelier-du-temps.com\/accueil-new\/#website","url":"https:\/\/www.atelier-du-temps.com\/accueil-new\/","name":"ATELIER DU TEMPS","description":"Le mus\u00e9e vivant de l&#039;automobile","publisher":{"@id":"https:\/\/www.atelier-du-temps.com\/accueil-new\/#organization"},"potentialAction":[{"@type":"SearchAction","target":{"@type":"EntryPoint","urlTemplate":"https:\/\/www.atelier-du-temps.com\/accueil-new\/?s={search_term_string}"},"query-input":{"@type":"PropertyValueSpecification","valueRequired":true,"valueName":"search_term_string"}}],"inLanguage":"fr-FR"},{"@type":"Organization","@id":"https:\/\/www.atelier-du-temps.com\/accueil-new\/#organization","name":"ATELIER DU TEMPS","url":"https:\/\/www.atelier-du-temps.com\/accueil-new\/","logo":{"@type":"ImageObject","inLanguage":"fr-FR","@id":"https:\/\/www.atelier-du-temps.com\/accueil-new\/#\/schema\/logo\/image\/","url":"https:\/\/www.atelier-du-temps.com\/wp-content\/uploads\/AT-logo-site-scaled.jpg","contentUrl":"https:\/\/www.atelier-du-temps.com\/wp-content\/uploads\/AT-logo-site-scaled.jpg","width":2560,"height":1150,"caption":"ATELIER DU TEMPS"},"image":{"@id":"https:\/\/www.atelier-du-temps.com\/accueil-new\/#\/schema\/logo\/image\/"}}]}},"ticketed":false,"_links":{"self":[{"href":"https:\/\/www.atelier-du-temps.com\/accueil-new\/wp-json\/wp\/v2\/pages\/6839","targetHints":{"allow":["GET"]}}],"collection":[{"href":"https:\/\/www.atelier-du-temps.com\/accueil-new\/wp-json\/wp\/v2\/pages"}],"about":[{"href":"https:\/\/www.atelier-du-temps.com\/accueil-new\/wp-json\/wp\/v2\/types\/page"}],"author":[{"embeddable":true,"href":"https:\/\/www.atelier-du-temps.com\/accueil-new\/wp-json\/wp\/v2\/users\/1"}],"replies":[{"embeddable":true,"href":"https:\/\/www.atelier-du-temps.com\/accueil-new\/wp-json\/wp\/v2\/comments?post=6839"}],"version-history":[{"count":3,"href":"https:\/\/www.atelier-du-temps.com\/accueil-new\/wp-json\/wp\/v2\/pages\/6839\/revisions"}],"predecessor-version":[{"id":58521,"href":"https:\/\/www.atelier-du-temps.com\/accueil-new\/wp-json\/wp\/v2\/pages\/6839\/revisions\/58521"}],"up":[{"embeddable":true,"href":"https:\/\/www.atelier-du-temps.com\/accueil-new\/wp-json\/wp\/v2\/pages\/42391"}],"wp:attachment":[{"href":"https:\/\/www.atelier-du-temps.com\/accueil-new\/wp-json\/wp\/v2\/media?parent=6839"}],"curies":[{"name":"wp","href":"https:\/\/api.w.org\/{rel}","templated":true}]}}